{"id":3,"date":"2022-04-11T22:19:42","date_gmt":"2022-04-11T22:19:42","guid":{"rendered":"http:\/\/g-cosmetics.com\/?page_id=3"},"modified":"2025-10-07T16:17:35","modified_gmt":"2025-10-07T16:17:35","slug":"politica-privacidad","status":"publish","type":"page","link":"https:\/\/g-cosmetics.com\/?page_id=3","title":{"rendered":"Pol\u00edtica de privacidad"},"content":{"rendered":"\t\t<div data-elementor-type=\"wp-page\" data-elementor-id=\"3\" class=\"elementor elementor-3\" data-elementor-post-type=\"page\">\n\t\t\t\t<div class=\"elementor-element elementor-element-2223aa6 e-flex e-con-boxed e-con e-parent\" data-id=\"2223aa6\" data-element_type=\"container\">\n\t\t\t\t\t<div class=\"e-con-inner\">\n\t\t\t\t<div class=\"elementor-element elementor-element-1315d6b elementor-widget elementor-widget-text-editor\" data-id=\"1315d6b\" data-element_type=\"widget\" data-widget_type=\"text-editor.default\">\n\t\t\t\t<div class=\"elementor-widget-container\">\n\t\t\t\t\t\t\t\t\t<h2>AVISO DE PRIVACIDAD<\/h2>\n<p>Apreciado Cliente, Proveedor, Colaborador y Usuario.<\/p>\n<p>\u00a0<\/p>\n<p style=\"text-align: left;\">En cumplimiento de lo previsto por la Ley 1581 de 2012 (Ley de protecci\u00f3n de datos personales) reglamentada parcialmente por el Decreto 1377 de 2013 que buscan desarrollar el derecho constitucional que tienen todas las personas a conocer, actualizar y rectificar las informaciones que se han recogido sobre ellas; se permite informar que con anterioridad a la expedici\u00f3n del Decreto 1377 de 2013 cuyo uso se encuentra destinado a mantener una constante comunicaci\u00f3n, ha recolectado datos personales de sus grupos de inter\u00e9s los cuales est\u00e1n identificados como aliados estrat\u00e9gicos, accionistas, colaboradores, clientes, usuarios de los clientes, proveedores y vinculados que reposan en las bases de datos y archivos f\u00edsicos de la compa\u00f1\u00eda.<\/p>\n<p style=\"text-align: left;\">\u00a0<\/p>\n<p style=\"text-align: left;\">Los datos con los que contamos en la actualidad est\u00e1n almacenados en nuestros archivos tanto magn\u00e9ticos como f\u00edsicos, lugar donde est\u00e1n siendo custodiados mediante el empleo de herramientas de seguridad de la informaci\u00f3n, razonablemente aceptadas en la industria, tales como procedimientos de control de acceso y mecanismos de Backups, entre otros, con el objetivo de evitar el acceso no autorizado por parte de terceros a los datos personales almacenados.<\/p>\n<p style=\"text-align: left;\">\u00a0<\/p>\n<p style=\"text-align: left;\">Este aviso tiene el prop\u00f3sito de informar que sus datos son utilizados para los fines propios de nuestro objeto social y somos responsables de su manejo y tratamiento, por lo tanto en todo caso siempre solicitamos la autorizaci\u00f3n para conservarlos y seguirlos tratando a fin de continuar con nuestras relaciones y mantenerlos informados de nuestros cambios y servicios.<\/p>\n<p style=\"text-align: left;\">\u00a0<\/p>\n<p style=\"text-align: left;\">Informamos que si sus datos fueron recolectados antes de la entrada en vigencia de la Ley 1581 de 2012 se public\u00f3 el aviso para que denegara o desautorizara el proceso de tratamiento de esos datos del 22 de julio de 2013 que dur\u00f3 publicado durante 3 meses hasta el 22 de Octubre de 2012 basados en el Art\u00edculo 10 del Decreto 1377 de 2013 Cumpliendo con la ley.<\/p>\n<p style=\"text-align: left;\">\u00a0<\/p>\n<p style=\"text-align: left;\">En consideraci\u00f3n a lo anterior y de acuerdo con nuestro inter\u00e9s de proteger su privacidad, le informamos que los titulares tienen de nuevo la oportunidad de autorizar o desautorizar si continuamos o no con el tratamiento de sus datos personales, adem\u00e1s que en todo momento podr\u00e1n ejercer sus derechos de conocer, actualizar, rectificar o solicitar la supresi\u00f3n de sus datos personales, dirigiendo su comunicaci\u00f3n a info@goldengbc.com , tambi\u00e9n utilizando el formulario de contactos de la P\u00e1gina web: www.g-cosmetics.com. En su defecto, ejerza su derecho indic\u00e1ndonos que autoriza o no el tratamiento de sus datos.<\/p>\t\t\t\t\t\t\t\t<\/div>\n\t\t\t\t<\/div>\n\t\t\t\t\t<\/div>\n\t\t\t\t<\/div>\n\t\t\t\t<\/div>\n\t\t","protected":false},"excerpt":{"rendered":"<p>AVISO DE PRIVACIDAD Apreciado Cliente, Proveedor, Colaborador y Usuario. \u00a0 En cumplimiento de lo previsto por la Ley 1581 de 2012 (Ley de protecci\u00f3n de datos personales) reglamentada parcialmente por el Decreto 1377 de 2013 que buscan desarrollar el derecho constitucional que tienen todas las personas a conocer, actualizar y rectificar las informaciones que se&hellip; <a class=\"more-link\" href=\"https:\/\/g-cosmetics.com\/?page_id=3\">Seguir leyendo <span class=\"screen-reader-text\">Pol\u00edtica de privacidad<\/span><\/a><\/p>\n","protected":false},"author":1,"featured_media":0,"parent":0,"menu_order":0,"comment_status":"closed","ping_status":"open","template":"","meta":{"_joinchat":[],"footnotes":""},"class_list":["post-3","page","type-page","status-publish","hentry","entry"],"aioseo_notices":[],"_links":{"self":[{"href":"https:\/\/g-cosmetics.com\/index.php?rest_route=\/wp\/v2\/pages\/3","targetHints":{"allow":["GET"]}}],"collection":[{"href":"https:\/\/g-cosmetics.com\/index.php?rest_route=\/wp\/v2\/pages"}],"about":[{"href":"https:\/\/g-cosmetics.com\/index.php?rest_route=\/wp\/v2\/types\/page"}],"author":[{"embeddable":true,"href":"https:\/\/g-cosmetics.com\/index.php?rest_route=\/wp\/v2\/users\/1"}],"replies":[{"embeddable":true,"href":"https:\/\/g-cosmetics.com\/index.php?rest_route=%2Fwp%2Fv2%2Fcomments&post=3"}],"version-history":[{"count":3,"href":"https:\/\/g-cosmetics.com\/index.php?rest_route=\/wp\/v2\/pages\/3\/revisions"}],"predecessor-version":[{"id":439,"href":"https:\/\/g-cosmetics.com\/index.php?rest_route=\/wp\/v2\/pages\/3\/revisions\/439"}],"wp:attachment":[{"href":"https:\/\/g-cosmetics.com\/index.php?rest_route=%2Fwp%2Fv2%2Fmedia&parent=3"}],"curies":[{"name":"wp","href":"https:\/\/api.w.org\/{rel}","templated":true}]}}