{"id":426,"date":"2025-10-07T15:33:59","date_gmt":"2025-10-07T15:33:59","guid":{"rendered":"https:\/\/g-cosmetics.com\/?page_id=426"},"modified":"2025-10-07T15:35:17","modified_gmt":"2025-10-07T15:35:17","slug":"sistema-integrado-de-gestion","status":"publish","type":"page","link":"https:\/\/g-cosmetics.com\/?page_id=426","title":{"rendered":"Sistema Integrado de Gesti\u00f3n"},"content":{"rendered":"\t\t<div data-elementor-type=\"wp-page\" data-elementor-id=\"426\" class=\"elementor elementor-426\" data-elementor-post-type=\"page\">\n\t\t\t\t<div class=\"elementor-element elementor-element-2e4b929 e-flex e-con-boxed e-con e-parent\" data-id=\"2e4b929\" data-element_type=\"container\">\n\t\t\t\t\t<div class=\"e-con-inner\">\n\t\t\t\t<div class=\"elementor-element elementor-element-502e24f elementor-widget elementor-widget-text-editor\" data-id=\"502e24f\" data-element_type=\"widget\" data-widget_type=\"text-editor.default\">\n\t\t\t\t<div class=\"elementor-widget-container\">\n\t\t\t\t\t\t\t\t\t<p style=\"text-align: center;\">Pol\u00edtica de sistema integrado de gesti\u00f3n. <a href=\"https:\/\/g-cosmetics.com\/wp-content\/uploads\/2025\/10\/SISTEMA-INTEGRADO-DE-GESTION_V3-2.pdf\">Descarga aqu\u00ed.<\/a><\/p><p style=\"text-align: center;\">Alcance sistema integrado de gesti\u00f3n. <a href=\"https:\/\/g-cosmetics.com\/wp-content\/uploads\/2025\/10\/3-02-03-001-ALCANCE-DEL-SIG-GLOBAL-TECHNOLOGY-COSMETICS.pdf\">Descarga aqu\u00ed.<\/a><\/p>\t\t\t\t\t\t\t\t<\/div>\n\t\t\t\t<\/div>\n\t\t\t\t\t<\/div>\n\t\t\t\t<\/div>\n\t\t\t\t<\/div>\n\t\t","protected":false},"excerpt":{"rendered":"<p>Pol\u00edtica de sistema integrado de gesti\u00f3n. Descarga aqu\u00ed. Alcance sistema integrado de gesti\u00f3n. Descarga aqu\u00ed.<\/p>\n","protected":false},"author":2,"featured_media":0,"parent":0,"menu_order":0,"comment_status":"closed","ping_status":"closed","template":"","meta":{"_joinchat":[],"footnotes":""},"class_list":["post-426","page","type-page","status-publish","hentry","entry"],"aioseo_notices":[],"_links":{"self":[{"href":"https:\/\/g-cosmetics.com\/index.php?rest_route=\/wp\/v2\/pages\/426","targetHints":{"allow":["GET"]}}],"collection":[{"href":"https:\/\/g-cosmetics.com\/index.php?rest_route=\/wp\/v2\/pages"}],"about":[{"href":"https:\/\/g-cosmetics.com\/index.php?rest_route=\/wp\/v2\/types\/page"}],"author":[{"embeddable":true,"href":"https:\/\/g-cosmetics.com\/index.php?rest_route=\/wp\/v2\/users\/2"}],"replies":[{"embeddable":true,"href":"https:\/\/g-cosmetics.com\/index.php?rest_route=%2Fwp%2Fv2%2Fcomments&post=426"}],"version-history":[{"count":6,"href":"https:\/\/g-cosmetics.com\/index.php?rest_route=\/wp\/v2\/pages\/426\/revisions"}],"predecessor-version":[{"id":434,"href":"https:\/\/g-cosmetics.com\/index.php?rest_route=\/wp\/v2\/pages\/426\/revisions\/434"}],"wp:attachment":[{"href":"https:\/\/g-cosmetics.com\/index.php?rest_route=%2Fwp%2Fv2%2Fmedia&parent=426"}],"curies":[{"name":"wp","href":"https:\/\/api.w.org\/{rel}","templated":true}]}}