{"id":45,"date":"2023-10-19T21:18:25","date_gmt":"2023-10-19T21:18:25","guid":{"rendered":"http:\/\/g-cosmetics.com\/?page_id=45"},"modified":"2024-04-12T20:51:30","modified_gmt":"2024-04-12T20:51:30","slug":"acerca-de","status":"publish","type":"page","link":"https:\/\/g-cosmetics.com\/?page_id=45","title":{"rendered":"Nosotros"},"content":{"rendered":"\t\t<div data-elementor-type=\"wp-page\" data-elementor-id=\"45\" class=\"elementor elementor-45\" data-elementor-post-type=\"page\">\n\t\t\t\t<div class=\"elementor-element elementor-element-9d961d0 e-flex e-con-boxed e-con e-parent\" data-id=\"9d961d0\" data-element_type=\"container\">\n\t\t\t\t\t<div class=\"e-con-inner\">\n\t\t\t\t<div class=\"elementor-element elementor-element-0550b8a elementor-widget elementor-widget-heading\" data-id=\"0550b8a\" data-element_type=\"widget\" data-widget_type=\"heading.default\">\n\t\t\t\t<div class=\"elementor-widget-container\">\n\t\t\t\t\t<h2 class=\"elementor-heading-title elementor-size-default\">SOMOS G-COSMETICS<\/h2>\t\t\t\t<\/div>\n\t\t\t\t<\/div>\n\t\t\t\t<div class=\"elementor-element elementor-element-a4426c0 elementor-widget elementor-widget-text-editor\" data-id=\"a4426c0\" data-element_type=\"widget\" data-widget_type=\"text-editor.default\">\n\t\t\t\t<div class=\"elementor-widget-container\">\n\t\t\t\t\t\t\t\t\t<p>Somos una empresa dedicada a la producci\u00f3n, comercializaci\u00f3n y distribuci\u00f3n de productos cosm\u00e9ticos, Esmaltes de U\u00f1as, Bases, Tratamientos, Brillos, Removedor, Dilusor entre otros.<\/p>\n<p>\u00a0<\/p>\n<p>Nuestro objetivo es ofrecer productos de excelente calidad, brindando un servicio integral en su desarrollo y estableciendo la innovaci\u00f3n como valor fundamental para cumplir con las expectativas de nuestros clientes. Somos una marca que busca dejar huella, buscamos reducir nuestro impacto ambiental y brindamos a nuestros clientes una experiencia 360\u00ba en calidad y servicio. A trav\u00e9s de nuestra experiencia, brindamos acompa\u00f1amiento permanente en el desarrollo de los proyectos de nuestros clientes, partiendo desde la selecci\u00f3n de materias primas, tendencias, efectos y adecuaci\u00f3n de insumos necesarios para la manufactura de producto terminado hasta su distribuci\u00f3n a nivel nacional e internacional.<\/p>\n<p>\u00a0<\/p>\n<p>Siendo lideres en la fabricaci\u00f3n de toda la l\u00ednea de Esmaltes de U\u00f1as, ofrecemos diferentes conceptos, productos y formulas totalmente personalizadas y que superan y satisfacen las necesidades de nuestros clientes.<\/p>\n<p>\u00a0<\/p>\n<p>Con sede en Cota Cundinamarca, contamos con un \u00e1rea de investigaci\u00f3n y desarrollo, con un laboratorio de calidad y aplicaciones, que nos permite validar las caracter\u00edsticas del producto antes de ser comercializado.<\/p>\t\t\t\t\t\t\t\t<\/div>\n\t\t\t\t<\/div>\n\t\t\t\t\t<\/div>\n\t\t\t\t<\/div>\n\t\t\t\t<\/div>\n\t\t","protected":false},"excerpt":{"rendered":"<p>SOMOS G-COSMETICS Somos una empresa dedicada a la producci\u00f3n, comercializaci\u00f3n y distribuci\u00f3n de productos cosm\u00e9ticos, Esmaltes de U\u00f1as, Bases, Tratamientos, Brillos, Removedor, Dilusor entre otros. \u00a0 Nuestro objetivo es ofrecer productos de excelente calidad, brindando un servicio integral en su desarrollo y estableciendo la innovaci\u00f3n como valor fundamental para cumplir con las expectativas de nuestros&hellip; <a class=\"more-link\" href=\"https:\/\/g-cosmetics.com\/?page_id=45\">Seguir leyendo <span class=\"screen-reader-text\">Nosotros<\/span><\/a><\/p>\n","protected":false},"author":1,"featured_media":0,"parent":0,"menu_order":0,"comment_status":"closed","ping_status":"closed","template":"elementor_header_footer","meta":{"_joinchat":[],"footnotes":""},"class_list":["post-45","page","type-page","status-publish","hentry","entry"],"aioseo_notices":[],"_links":{"self":[{"href":"https:\/\/g-cosmetics.com\/index.php?rest_route=\/wp\/v2\/pages\/45","targetHints":{"allow":["GET"]}}],"collection":[{"href":"https:\/\/g-cosmetics.com\/index.php?rest_route=\/wp\/v2\/pages"}],"about":[{"href":"https:\/\/g-cosmetics.com\/index.php?rest_route=\/wp\/v2\/types\/page"}],"author":[{"embeddable":true,"href":"https:\/\/g-cosmetics.com\/index.php?rest_route=\/wp\/v2\/users\/1"}],"replies":[{"embeddable":true,"href":"https:\/\/g-cosmetics.com\/index.php?rest_route=%2Fwp%2Fv2%2Fcomments&post=45"}],"version-history":[{"count":22,"href":"https:\/\/g-cosmetics.com\/index.php?rest_route=\/wp\/v2\/pages\/45\/revisions"}],"predecessor-version":[{"id":407,"href":"https:\/\/g-cosmetics.com\/index.php?rest_route=\/wp\/v2\/pages\/45\/revisions\/407"}],"wp:attachment":[{"href":"https:\/\/g-cosmetics.com\/index.php?rest_route=%2Fwp%2Fv2%2Fmedia&parent=45"}],"curies":[{"name":"wp","href":"https:\/\/api.w.org\/{rel}","templated":true}]}}